{"id":260,"date":"2025-04-29T20:35:25","date_gmt":"2025-04-29T17:35:25","guid":{"rendered":"http:\/\/www.ehlibeytturizm.com\/?page_id=260"},"modified":"2025-04-29T20:35:25","modified_gmt":"2025-04-29T17:35:25","slug":"hac","status":"publish","type":"page","link":"http:\/\/www.ehlibeytturizm.com\/?page_id=260","title":{"rendered":"Hac"},"content":{"rendered":"\n<p>Hac, her M\u00fcsl\u00fcman\u0131n hayat\u0131nda bir kez yerine getirmesi gereken kutsal bir ibadettir. Bu manevi yolculu\u011fu en huzurlu ve sorunsuz \u015fekilde ger\u00e7ekle\u015ftirebilmeniz i\u00e7in d\u00fczenlenen Hac turlar\u0131 ile\u00a0size rehberlik ederek ibadetinizi g\u00f6n\u00fcl rahatl\u0131\u011f\u0131yla yapman\u0131z\u0131 sa\u011fl\u0131yoruz.<\/p>\n\n\n\n<figure class=\"wp-block-image size-large\"><img loading=\"lazy\" decoding=\"async\" width=\"1024\" height=\"613\" src=\"http:\/\/www.ehlibeytturizm.com\/wp-content\/uploads\/2025\/04\/cropped-IMG-20220413-WA0002-1024x613.jpg\" alt=\"\" class=\"wp-image-261\" srcset=\"http:\/\/www.ehlibeytturizm.com\/wp-content\/uploads\/2025\/04\/cropped-IMG-20220413-WA0002-1024x613.jpg 1024w, http:\/\/www.ehlibeytturizm.com\/wp-content\/uploads\/2025\/04\/cropped-IMG-20220413-WA0002-300x180.jpg 300w, http:\/\/www.ehlibeytturizm.com\/wp-content\/uploads\/2025\/04\/cropped-IMG-20220413-WA0002-768x460.jpg 768w, http:\/\/www.ehlibeytturizm.com\/wp-content\/uploads\/2025\/04\/cropped-IMG-20220413-WA0002-1536x920.jpg 1536w, http:\/\/www.ehlibeytturizm.com\/wp-content\/uploads\/2025\/04\/cropped-IMG-20220413-WA0002.jpg 2000w\" sizes=\"(max-width: 1024px) 100vw, 1024px\" \/><\/figure>\n","protected":false},"excerpt":{"rendered":"<p>Hac, her M\u00fcsl\u00fcman\u0131n hayat\u0131nda bir kez yerine getirmesi gereken kutsal bir ibadettir. Bu manevi yolculu\u011fu en huzurlu ve sorunsuz \u015fekilde<\/p>\n<p><a href=\"http:\/\/www.ehlibeytturizm.com\/?page_id=260\" class=\"more-link\">Continue reading<span class=\"screen-reader-text\">Hac<\/span><\/a><\/p>\n","protected":false},"author":1,"featured_media":0,"parent":0,"menu_order":0,"comment_status":"closed","ping_status":"closed","template":"","meta":{"footnotes":""},"_links":{"self":[{"href":"http:\/\/www.ehlibeytturizm.com\/index.php?rest_route=\/wp\/v2\/pages\/260"}],"collection":[{"href":"http:\/\/www.ehlibeytturizm.com\/index.php?rest_route=\/wp\/v2\/pages"}],"about":[{"href":"http:\/\/www.ehlibeytturizm.com\/index.php?rest_route=\/wp\/v2\/types\/page"}],"author":[{"embeddable":true,"href":"http:\/\/www.ehlibeytturizm.com\/index.php?rest_route=\/wp\/v2\/users\/1"}],"replies":[{"embeddable":true,"href":"http:\/\/www.ehlibeytturizm.com\/index.php?rest_route=%2Fwp%2Fv2%2Fcomments&post=260"}],"version-history":[{"count":1,"href":"http:\/\/www.ehlibeytturizm.com\/index.php?rest_route=\/wp\/v2\/pages\/260\/revisions"}],"predecessor-version":[{"id":262,"href":"http:\/\/www.ehlibeytturizm.com\/index.php?rest_route=\/wp\/v2\/pages\/260\/revisions\/262"}],"wp:attachment":[{"href":"http:\/\/www.ehlibeytturizm.com\/index.php?rest_route=%2Fwp%2Fv2%2Fmedia&parent=260"}],"curies":[{"name":"wp","href":"https:\/\/api.w.org\/{rel}","templated":true}]}}