{"id":263,"date":"2025-04-29T20:37:40","date_gmt":"2025-04-29T17:37:40","guid":{"rendered":"http:\/\/www.ehlibeytturizm.com\/?page_id=263"},"modified":"2025-04-29T20:37:40","modified_gmt":"2025-04-29T17:37:40","slug":"umre","status":"publish","type":"page","link":"http:\/\/www.ehlibeytturizm.com\/?page_id=263","title":{"rendered":"Umre"},"content":{"rendered":"\n<p>Umre, M\u00fcsl\u00fcmanlar i\u00e7in \u00f6nemli bir ibadet ve manevi bir yolculuktur. Hac gibi zorunlu olmasa da, Umre yapmak ruhu ar\u0131nd\u0131rmak ve Allah&#8217;a yakla\u015fmak i\u00e7in m\u00fckemmel bir f\u0131rsatt\u0131r. Umre turlar\u0131, bu kutsal ibadeti en rahat ve huzurlu \u015fekilde ger\u00e7ekle\u015ftirmeniz i\u00e7in \u00f6zel olarak tasarlanm\u0131\u015ft\u0131r.<\/p>\n\n\n\n<figure class=\"wp-block-image size-large\"><img loading=\"lazy\" decoding=\"async\" width=\"1024\" height=\"613\" src=\"http:\/\/www.ehlibeytturizm.com\/wp-content\/uploads\/2025\/04\/cropped-IMG-20220413-WA0002-1-1024x613.jpg\" alt=\"\" class=\"wp-image-264\" srcset=\"http:\/\/www.ehlibeytturizm.com\/wp-content\/uploads\/2025\/04\/cropped-IMG-20220413-WA0002-1-1024x613.jpg 1024w, http:\/\/www.ehlibeytturizm.com\/wp-content\/uploads\/2025\/04\/cropped-IMG-20220413-WA0002-1-300x180.jpg 300w, http:\/\/www.ehlibeytturizm.com\/wp-content\/uploads\/2025\/04\/cropped-IMG-20220413-WA0002-1-768x460.jpg 768w, http:\/\/www.ehlibeytturizm.com\/wp-content\/uploads\/2025\/04\/cropped-IMG-20220413-WA0002-1-1536x920.jpg 1536w, http:\/\/www.ehlibeytturizm.com\/wp-content\/uploads\/2025\/04\/cropped-IMG-20220413-WA0002-1.jpg 2000w\" sizes=\"(max-width: 1024px) 100vw, 1024px\" \/><\/figure>\n","protected":false},"excerpt":{"rendered":"<p>Umre, M\u00fcsl\u00fcmanlar i\u00e7in \u00f6nemli bir ibadet ve manevi bir yolculuktur. Hac gibi zorunlu olmasa da, Umre yapmak ruhu ar\u0131nd\u0131rmak ve<\/p>\n<p><a href=\"http:\/\/www.ehlibeytturizm.com\/?page_id=263\" class=\"more-link\">Continue reading<span class=\"screen-reader-text\">Umre<\/span><\/a><\/p>\n","protected":false},"author":1,"featured_media":0,"parent":0,"menu_order":0,"comment_status":"closed","ping_status":"closed","template":"","meta":{"footnotes":""},"_links":{"self":[{"href":"http:\/\/www.ehlibeytturizm.com\/index.php?rest_route=\/wp\/v2\/pages\/263"}],"collection":[{"href":"http:\/\/www.ehlibeytturizm.com\/index.php?rest_route=\/wp\/v2\/pages"}],"about":[{"href":"http:\/\/www.ehlibeytturizm.com\/index.php?rest_route=\/wp\/v2\/types\/page"}],"author":[{"embeddable":true,"href":"http:\/\/www.ehlibeytturizm.com\/index.php?rest_route=\/wp\/v2\/users\/1"}],"replies":[{"embeddable":true,"href":"http:\/\/www.ehlibeytturizm.com\/index.php?rest_route=%2Fwp%2Fv2%2Fcomments&post=263"}],"version-history":[{"count":1,"href":"http:\/\/www.ehlibeytturizm.com\/index.php?rest_route=\/wp\/v2\/pages\/263\/revisions"}],"predecessor-version":[{"id":265,"href":"http:\/\/www.ehlibeytturizm.com\/index.php?rest_route=\/wp\/v2\/pages\/263\/revisions\/265"}],"wp:attachment":[{"href":"http:\/\/www.ehlibeytturizm.com\/index.php?rest_route=%2Fwp%2Fv2%2Fmedia&parent=263"}],"curies":[{"name":"wp","href":"https:\/\/api.w.org\/{rel}","templated":true}]}}