{"id":266,"date":"2025-04-29T20:56:45","date_gmt":"2025-04-29T17:56:45","guid":{"rendered":"http:\/\/www.ehlibeytturizm.com\/?page_id=266"},"modified":"2025-04-29T20:56:45","modified_gmt":"2025-04-29T17:56:45","slug":"kutsal-mekanlar","status":"publish","type":"page","link":"http:\/\/www.ehlibeytturizm.com\/?page_id=266","title":{"rendered":"Kutsal Mekanlar"},"content":{"rendered":"\n<p><strong>ME\u015eHED:<\/strong><\/p>\n\n\n\n<p>Eb\u00fc\u2019l-Hasan Ali bin Musa er-R\u0131za \u00a0(h. 148-203), \u0130sna A\u015fer (On \u0130ki \u0130mam) \u015eia\u2019s\u0131n\u0131n sekizinci imam\u0131d\u0131r. En me\u015fhur lakab\u0131 \u201cR\u0131za\u201d ve \u201c\u0130mam R\u0131za\u201d olarak an\u0131lmaktad\u0131r. K\u00fcnyesi Eb\u00fc\u2019l-Hasan\u2019d\u0131r. Babas\u0131 \u015eialar\u0131n Yedinci \u0130mam\u0131, \u0130mam K\u00e2z\u0131m\u2019d\u0131r. \u00a0\u00dcmm\u00fc\u2019l Benin, T\u00fcktem, Necime denilmi\u015ftir.<\/p>\n\n\n\n<p>Medine\u2019de d\u00fcnyaya gelmesine ra\u011fmen Abbasi halifesi Me\u2019mun onu zorla Horasan\u2019a getirtmi\u015f ve ona zorla veliahtl\u0131k g\u00f6revini vermi\u015ftir. \u0130mam R\u0131za (a.s) Medine -Horasan yolunda \u00fcnl\u00fc \u201cSilsiletu\u2019z Zeheb Hadisi\u201d hadisini Ni\u015fabur \u015fehrinde a\u00e7\u0131klam\u0131\u015ft\u0131r. Me\u2019mun\u2019un \u0130mam R\u0131za (a.s) ile \u00f6teki din ve mezhep b\u00fcy\u00fckleri aras\u0131nda te\u015fkil etti\u011fi m\u00fcnazara toplant\u0131lar\u0131 me\u015fhurdur. \u0130mamet s\u00fcresi 20 y\u0131ld\u0131r. T\u00fbs \u015fehrinde vefat etmi\u015ftir. Me\u2019mun \u0130mam R\u0131za&#8217;n\u0131n (a.s) \u015fehadetinden sorumlu tutulmu\u015ftur. Kabr-i \u015ferifleri Me\u015fhed \u015fehrindedir ve her y\u0131l d\u00fcnyan\u0131n \u00e7e\u015fitli \u00fclkelerinden milyonlarca M\u00fcsl\u00fcman ziyaretine gelmektedir.<\/p>\n\n\n\n<p><strong>KERBELA Z\u0130YARET\u0130:<\/strong><\/p>\n\n\n\n<p><strong>\u0130mam H\u00fcseyin (a.s) Ziyareti<\/strong>,\u00a0<a href=\"https:\/\/tr.wikishia.net\/view\/%C4%B0mam_H%C3%BCseyin\">\u0130mam H\u00fcseyin<\/a>&#8216;in (a.s) t\u00fcrbesinde bulunarak, \u0130mam&#8217;\u0131 selamlamak suretiyle \u0130mam H\u00fcseyin\u2019in (a.s) ziyaret namesini okuyarak ger\u00e7ekle\u015ftirilir.<\/p>\n\n\n\n<p><strong>ERBA\u0130N Y\u00dcR\u00dcY\u00dc\u015e\u00dc:<\/strong><\/p>\n\n\n\n<p>\u0130mam Seyyid-\u00fc\u015f \u015e\u00fcheda Hazreti \u0130mam Huseyn( a s) Ehlibeyt&#8217;i ve Yarenlerinin \u015fehadetlerinin 40. g\u00fcn\u00fc)<\/p>\n","protected":false},"excerpt":{"rendered":"<p>ME\u015eHED: Eb\u00fc\u2019l-Hasan Ali bin Musa er-R\u0131za \u00a0(h. 148-203), \u0130sna A\u015fer (On \u0130ki \u0130mam) \u015eia\u2019s\u0131n\u0131n sekizinci imam\u0131d\u0131r. En me\u015fhur lakab\u0131 \u201cR\u0131za\u201d<\/p>\n<p><a href=\"http:\/\/www.ehlibeytturizm.com\/?page_id=266\" class=\"more-link\">Continue reading<span class=\"screen-reader-text\">Kutsal Mekanlar<\/span><\/a><\/p>\n","protected":false},"author":1,"featured_media":0,"parent":0,"menu_order":0,"comment_status":"closed","ping_status":"closed","template":"","meta":{"footnotes":""},"_links":{"self":[{"href":"http:\/\/www.ehlibeytturizm.com\/index.php?rest_route=\/wp\/v2\/pages\/266"}],"collection":[{"href":"http:\/\/www.ehlibeytturizm.com\/index.php?rest_route=\/wp\/v2\/pages"}],"about":[{"href":"http:\/\/www.ehlibeytturizm.com\/index.php?rest_route=\/wp\/v2\/types\/page"}],"author":[{"embeddable":true,"href":"http:\/\/www.ehlibeytturizm.com\/index.php?rest_route=\/wp\/v2\/users\/1"}],"replies":[{"embeddable":true,"href":"http:\/\/www.ehlibeytturizm.com\/index.php?rest_route=%2Fwp%2Fv2%2Fcomments&post=266"}],"version-history":[{"count":1,"href":"http:\/\/www.ehlibeytturizm.com\/index.php?rest_route=\/wp\/v2\/pages\/266\/revisions"}],"predecessor-version":[{"id":267,"href":"http:\/\/www.ehlibeytturizm.com\/index.php?rest_route=\/wp\/v2\/pages\/266\/revisions\/267"}],"wp:attachment":[{"href":"http:\/\/www.ehlibeytturizm.com\/index.php?rest_route=%2Fwp%2Fv2%2Fmedia&parent=266"}],"curies":[{"name":"wp","href":"https:\/\/api.w.org\/{rel}","templated":true}]}}