{"id":286,"date":"2025-04-29T21:18:10","date_gmt":"2025-04-29T18:18:10","guid":{"rendered":"http:\/\/www.ehlibeytturizm.com\/?page_id=286"},"modified":"2025-06-08T14:26:44","modified_gmt":"2025-06-08T11:26:44","slug":"ana-sayfa","status":"publish","type":"page","link":"http:\/\/www.ehlibeytturizm.com\/","title":{"rendered":"Ana Sayfa"},"content":{"rendered":"\n<p>Erbain (k\u0131rk\u0131nc\u0131 g\u00fcn); hicri takvime g\u00f6re Safer ay\u0131n\u0131n 20\u2019isi Hz. \u0130mam H\u00fcseyin\u2019in (a.s) \u015fehadetinin 40. g\u00fcn\u00fcd\u00fcr. Milyonlarca ki\u015finin kat\u0131ld\u0131\u011f\u0131 Erbain y\u00fcr\u00fcy\u00fc\u015f\u00fcne say\u0131l\u0131 g\u00fcnler kald\u0131. Peki Erbain y\u00fcr\u00fcy\u00fc\u015f\u00fc nedir?<\/p>\n\n\n\n<p><\/p>\n\n\n\n<figure class=\"wp-block-embed is-type-video is-provider-youtube wp-block-embed-youtube wp-embed-aspect-16-9 wp-has-aspect-ratio\"><div class=\"wp-block-embed__wrapper\">\n<iframe loading=\"lazy\" title=\"Erbain y\u00fcr\u00fcy\u00fc\u015f\u00fc\" width=\"920\" height=\"518\" src=\"https:\/\/www.youtube.com\/embed\/36Zm4Htc8G8?start=17&#038;feature=oembed\" frameborder=\"0\" allow=\"accelerometer; autoplay; clipboard-write; encrypted-media; gyroscope; picture-in-picture; web-share\" referrerpolicy=\"strict-origin-when-cross-origin\" allowfullscreen><\/iframe>\n<\/div><\/figure>\n\n\n\n<p>Bu g\u00fcnde Muharrem ay\u0131n\u0131n Onuncu g\u00fcn\u00fc olan A\u015fura G\u00fcn\u00fc&#8217;nde Kerbela&#8217;da \u015fehit olan Hz. \u0130mam H\u00fcseyin (a.s) ve 72 yareninin an\u0131s\u0131n\u0131 canl\u0131 tutmak i\u00e7in anma t\u00f6renleri d\u00fczenlenmektedir.<\/p>\n\n\n\n<p>Erbain y\u00fcr\u00fcy\u00fc\u015f\u00fc \u015eii M\u00fcsl\u00fcmanlar\u0131n en \u00f6nemli kutsal t\u00f6renlerinden biri. Bu, milyonlarca insan\u0131 i\u00e7eren t\u00f6ren D\u00fcnya&#8217;n\u0131n en b\u00fcy\u00fck kutsal t\u00f6renlerindendir.<\/p>\n\n\n\n<figure class=\"wp-block-image size-full\"><img loading=\"lazy\" decoding=\"async\" width=\"364\" height=\"532\" src=\"http:\/\/www.ehlibeytturizm.com\/wp-content\/uploads\/2025\/06\/umre-res1.png\" alt=\"\" class=\"wp-image-308\" srcset=\"http:\/\/www.ehlibeytturizm.com\/wp-content\/uploads\/2025\/06\/umre-res1.png 364w, http:\/\/www.ehlibeytturizm.com\/wp-content\/uploads\/2025\/06\/umre-res1-205x300.png 205w\" sizes=\"(max-width: 364px) 100vw, 364px\" \/><\/figure>\n","protected":false},"excerpt":{"rendered":"<p>Erbain (k\u0131rk\u0131nc\u0131 g\u00fcn); hicri takvime g\u00f6re Safer ay\u0131n\u0131n 20\u2019isi Hz. \u0130mam H\u00fcseyin\u2019in (a.s) \u015fehadetinin 40. g\u00fcn\u00fcd\u00fcr. Milyonlarca ki\u015finin kat\u0131ld\u0131\u011f\u0131 Erbain<\/p>\n<p><a href=\"http:\/\/www.ehlibeytturizm.com\/\" class=\"more-link\">Continue reading<span class=\"screen-reader-text\">Ana Sayfa<\/span><\/a><\/p>\n","protected":false},"author":1,"featured_media":0,"parent":0,"menu_order":0,"comment_status":"closed","ping_status":"closed","template":"","meta":{"footnotes":""},"_links":{"self":[{"href":"http:\/\/www.ehlibeytturizm.com\/index.php?rest_route=\/wp\/v2\/pages\/286"}],"collection":[{"href":"http:\/\/www.ehlibeytturizm.com\/index.php?rest_route=\/wp\/v2\/pages"}],"about":[{"href":"http:\/\/www.ehlibeytturizm.com\/index.php?rest_route=\/wp\/v2\/types\/page"}],"author":[{"embeddable":true,"href":"http:\/\/www.ehlibeytturizm.com\/index.php?rest_route=\/wp\/v2\/users\/1"}],"replies":[{"embeddable":true,"href":"http:\/\/www.ehlibeytturizm.com\/index.php?rest_route=%2Fwp%2Fv2%2Fcomments&post=286"}],"version-history":[{"count":5,"href":"http:\/\/www.ehlibeytturizm.com\/index.php?rest_route=\/wp\/v2\/pages\/286\/revisions"}],"predecessor-version":[{"id":318,"href":"http:\/\/www.ehlibeytturizm.com\/index.php?rest_route=\/wp\/v2\/pages\/286\/revisions\/318"}],"wp:attachment":[{"href":"http:\/\/www.ehlibeytturizm.com\/index.php?rest_route=%2Fwp%2Fv2%2Fmedia&parent=286"}],"curies":[{"name":"wp","href":"https:\/\/api.w.org\/{rel}","templated":true}]}}